{"id":21,"date":"2023-11-04T10:23:23","date_gmt":"2023-11-04T07:23:23","guid":{"rendered":"https:\/\/www.ideoceviri.com\/?page_id=21"},"modified":"2023-11-07T18:24:56","modified_gmt":"2023-11-07T15:24:56","slug":"hakkimizda","status":"publish","type":"page","link":"https:\/\/www.ideoceviri.com\/en\/hakkimizda\/","title":{"rendered":"About Us"},"content":{"rendered":"<style type=\"text\/css\" data-created_by=\"avia_inline_auto\" id=\"style-css-av-lojs6783-9ae9721a6e1c346d40950d140b13d861\">\n.avia-section.av-lojs6783-9ae9721a6e1c346d40950d140b13d861{\nbackground-repeat:no-repeat;\nbackground-image:url(https:\/\/www.ideoceviri.com\/wp-content\/uploads\/2023\/11\/tercume-hizmet2.jpg);\nbackground-position:50% 50%;\nbackground-attachment:scroll;\nposition:relative;\n}\n.avia-section.av-lojs6783-9ae9721a6e1c346d40950d140b13d861 .avia-divider-svg-bottom svg{\nheight:50px;\nwidth:calc(184% + 1.3px);\nfill:#ffffff;\n}\n<\/style>\n<div id='av_section_1'  class='avia-section av-lojs6783-9ae9721a6e1c346d40950d140b13d861 main_color avia-section-default avia-no-border-styling  avia-builder-el-0  el_before_av_section  avia-builder-el-first  avia-full-stretch avia-bg-style-scroll av-minimum-height av-minimum-height-custom av-height-custom  container_wrap sidebar_right'  data-section-bg-repeat='stretch' data-av_minimum_height_px='300'><div class='avia-divider-svg avia-divider-svg-waves avia-divider-svg-bottom avia-svg-original'><svg xmlns=\"http:\/\/www.w3.org\/2000\/svg\" viewbox=\"0 0 1000 100\" preserveaspectratio=\"none\">\n\t<path d=\"M421.9,6.5c22.6-2.5,51.5,0.4,75.5,5.3c23.6,4.9,70.9,23.5,100.5,35.7c75.8,32.2,133.7,44.5,192.6,49.7\tc23.6,2.1,48.7,3.5,103.4-2.5c54.7-6,106.2-25.6,106.2-25.6V0H0v30.3c0,0,72,32.6,158.4,30.5c39.2-0.7,92.8-6.7,134-22.4\tc21.2-8.1,52.2-18.2,79.7-24.2C399.3,7.9,411.6,7.5,421.9,6.5z\"\/>\n<\/svg><\/div><div class='container av-section-cont-open' style='height:300px'><main  role=\"main\" itemprop=\"mainContentOfPage\"  class='template-page content  av-content-small alpha units'><div class='post-entry post-entry-type-page post-entry-21'><div class='entry-content-wrapper clearfix'>\n\n<style type=\"text\/css\" data-created_by=\"avia_inline_auto\" id=\"style-css-av-looh7u7d-368a514a9c68a26a98c859452f1b8908\">\n.flex_column.av-looh7u7d-368a514a9c68a26a98c859452f1b8908{\npadding:13px 0 5px 0;\nbackground-color:rgba(47,138,224,0.78);\n}\n<\/style>\n<div  class='flex_column av-looh7u7d-368a514a9c68a26a98c859452f1b8908 av_one_third  avia-builder-el-1  avia-builder-el-no-sibling  first flex_column_div'     ><style type=\"text\/css\" data-created_by=\"avia_inline_auto\" id=\"style-css-av-lojs6cda-0f00cafb8ab91dc61c3a7ca1d98ea6b4\">\n#top .av-special-heading.av-lojs6cda-0f00cafb8ab91dc61c3a7ca1d98ea6b4{\npadding-bottom:10px;\ncolor:#ffffff;\n}\nbody .av-special-heading.av-lojs6cda-0f00cafb8ab91dc61c3a7ca1d98ea6b4 .av-special-heading-tag .heading-char{\nfont-size:25px;\n}\n.av-special-heading.av-lojs6cda-0f00cafb8ab91dc61c3a7ca1d98ea6b4 .special-heading-inner-border{\nborder-color:#ffffff;\n}\n.av-special-heading.av-lojs6cda-0f00cafb8ab91dc61c3a7ca1d98ea6b4 .av-subheading{\nfont-size:15px;\n}\n\n@media only screen and (min-width: 768px) and (max-width: 989px){ \n#top #wrap_all .av-special-heading.av-lojs6cda-0f00cafb8ab91dc61c3a7ca1d98ea6b4 .av-special-heading-tag{\nfont-size:19px;\n}\n}\n\n@media only screen and (min-width: 480px) and (max-width: 767px){ \n#top #wrap_all .av-special-heading.av-lojs6cda-0f00cafb8ab91dc61c3a7ca1d98ea6b4 .av-special-heading-tag{\nfont-size:19px;\n}\n}\n\n@media only screen and (max-width: 479px){ \n#top #wrap_all .av-special-heading.av-lojs6cda-0f00cafb8ab91dc61c3a7ca1d98ea6b4 .av-special-heading-tag{\nfont-size:18px;\n}\n}\n<\/style>\n<div  class='av-special-heading av-lojs6cda-0f00cafb8ab91dc61c3a7ca1d98ea6b4 av-special-heading-h1 custom-color-heading blockquote modern-quote modern-centered  avia-builder-el-2  avia-builder-el-no-sibling'><h1 class='av-special-heading-tag'  itemprop=\"headline\"  >About Us<\/h1><div class=\"special-heading-border\"><div class=\"special-heading-inner-border\"><\/div><\/div><\/div><\/div>\n\n<\/div><\/div><\/main><!-- close content main element --><\/div><\/div><div id='av_section_2'  class='avia-section av-loohd56z-a8dd8af9b87cfc734110c6986ee4a564 main_color avia-section-default avia-no-border-styling  avia-builder-el-3  el_after_av_section  el_before_av_section  av-small-hide av-mini-hide avia-bg-style-scroll container_wrap sidebar_right'  ><div class='container av-section-cont-open' ><div class='template-page content  av-content-small alpha units'><div class='post-entry post-entry-type-page post-entry-21'><div class='entry-content-wrapper clearfix'>\n<div class='flex_column_table av-2s46l-a289243f0d1935f092a19dd7788267ac sc-av_one_half av-equal-height-column-flextable'><div  class='flex_column av-2s46l-a289243f0d1935f092a19dd7788267ac av_one_half  avia-builder-el-4  el_before_av_one_half  avia-builder-el-first  first flex_column_table_cell av-equal-height-column av-align-middle av-animated-generic left-to-right'     ><style type=\"text\/css\" data-created_by=\"avia_inline_auto\" id=\"style-css-av-lojt10x1-f6097b04b93033bbe3b9102637922193\">\n@keyframes av_boxShadowEffect_av-lojt10x1-f6097b04b93033bbe3b9102637922193 {\n0%   { box-shadow:  0 0 0 0 ; opacity: 1; }\n100% { box-shadow:  0 0 10px 0 ; opacity: 1; }\n}\n.avia-image-container.av-lojt10x1-f6097b04b93033bbe3b9102637922193 img.avia_image{\nbox-shadow: 0 0 10px 0 ;\n}\n.avia-image-container.av-lojt10x1-f6097b04b93033bbe3b9102637922193 .av-image-caption-overlay-center{\ncolor:#ffffff;\n}\n<\/style>\n<div  class='avia-image-container av-lojt10x1-f6097b04b93033bbe3b9102637922193 av-styling- avia-align-center  avia-builder-el-5  avia-builder-el-no-sibling  av-img-box-shadow av-box-shadow-not-animated'   itemprop=\"image\" itemscope=\"itemscope\" itemtype=\"https:\/\/schema.org\/ImageObject\" ><div class=\"avia-image-container-inner\"><div class=\"avia-image-overlay-wrap\"><img decoding=\"async\" class='wp-image-250 avia-img-lazy-loading-not-250 avia_image shadow-not-animated' src=\"https:\/\/www.ideoceviri.com\/wp-content\/uploads\/2023\/11\/ardil-ceviri-710x375.png\" alt='Ard\u0131l \u00c7eviri' title='Ard\u0131l \u00c7eviri'  height=\"375\" width=\"710\"  itemprop=\"thumbnailUrl\"  \/><\/div><\/div><\/div><\/div><div class='av-flex-placeholder'><\/div><div  class='flex_column av-1vtwx-5293c8280c91e8e1898a2330faa9c456 av_one_half  avia-builder-el-6  el_after_av_one_half  el_before_av_one_half  flex_column_table_cell av-equal-height-column av-align-middle av-animated-generic right-to-left'     ><section  class='av_textblock_section av-lojs380z-e6cf417915922d2c5f6e59816564680d'   itemscope=\"itemscope\" itemtype=\"https:\/\/schema.org\/CreativeWork\" ><div class='avia_textblock'  itemprop=\"text\" ><p><strong>Ideo \u00c7eviri<\/strong> Hizmetleri 10 y\u0131l\u0131 a\u015fk\u0131n deneyimiyle, ilkeli ve d\u00fcr\u00fcst hizmet anlay\u0131\u015f\u0131yla; kusursuz ve eksiksiz \u00e7eviriyi, gecikme olmaks\u0131z\u0131n \u00fcstelik her dilde en uygun fiyata sunmaktad\u0131r. Kurulu\u015f tarihimizden bu yana \u00f6nceli\u011fimiz kaliteli \u00e7eviri hizmeti sa\u011flamak olmu\u015ftur.<\/p>\n<p>Dilbilimciler, edit\u00f6rler ve konular\u0131nda uzman profesyonel \u00e7evirmenlerden olu\u015fan kadromuzla t\u00fcm \u00e7eviri ihtiya\u00e7lar\u0131n\u0131z\u0131 zaman\u0131nda ve eksiksiz olarak kar\u015f\u0131layabiliriz.<\/p>\n<\/div><\/section><\/div><\/div><!--close column table wrapper. Autoclose: 1 --><div class='flex_column_table av-1a145-4abd6ea915873fdbfdb5a89e62408a14 sc-av_one_half av-equal-height-column-flextable'><div  class='flex_column av-1a145-4abd6ea915873fdbfdb5a89e62408a14 av_one_half  avia-builder-el-8  el_after_av_one_half  el_before_av_one_half  first flex_column_table_cell av-equal-height-column av-align-middle av-animated-generic left-to-right  column-top-margin'     ><section  class='av_textblock_section av-lojsbphm-2018f83cf21e8429053dbd522bda9653'   itemscope=\"itemscope\" itemtype=\"https:\/\/schema.org\/CreativeWork\" ><div class='avia_textblock'  itemprop=\"text\" ><p>\u00c7eviri sekt\u00f6r\u00fcn\u00fcn yaz\u0131l\u0131 \u00e7eviri, s\u00f6zl\u00fc \u00e7eviri, sim\u00fcltane \u00e7eviri, yerelle\u015ftirme ve globalle\u015ftirme gibi pek \u00e7ok dal\u0131nda faaliyet g\u00f6steren <strong>Ideo \u00c7eviri<\/strong> rakipsiz geri d\u00f6n\u00fc\u015f zamanlar\u0131 ve kaliteli \u00e7eviri anlay\u0131\u015f\u0131yla her ge\u00e7en g\u00fcn b\u00fcy\u00fcmeye devam etmektedir.<\/p>\n<p>T\u00fcm d\u00fcnya dillerinde hizmet veren, artan memnun kurumsal m\u00fc\u015fteri referanslar\u0131n\u0131n yan\u0131 s\u0131ra sayg\u0131n uluslar aras\u0131 dergilerde yay\u0131mlanan y\u00fczlerce makale \u00e7evirisiyle uzmanl\u0131k ve kalitenin bulu\u015ftu\u011fu <strong>Ideo \u00c7eviri<\/strong> Hizmetleri 7\/24 hizmetinizdedir.<\/p>\n<\/div><\/section><\/div><div class='av-flex-placeholder'><\/div><div  class='flex_column av-z2z9-1d90324123592be8dbcb51719dbdae4c av_one_half  avia-builder-el-10  el_after_av_one_half  avia-builder-el-last  flex_column_table_cell av-equal-height-column av-align-middle av-animated-generic right-to-left  column-top-margin'     ><style type=\"text\/css\" data-created_by=\"avia_inline_auto\" id=\"style-css-av-lojt2an3-c597d109b1411e9340d8dc2b7fd3641f\">\n@keyframes av_boxShadowEffect_av-lojt2an3-c597d109b1411e9340d8dc2b7fd3641f {\n0%   { box-shadow:  0 0 0 0 ; opacity: 1; }\n100% { box-shadow:  0 0 10px 0 ; opacity: 1; }\n}\n.avia-image-container.av-lojt2an3-c597d109b1411e9340d8dc2b7fd3641f img.avia_image{\nbox-shadow: 0 0 10px 0 ;\n}\n.avia-image-container.av-lojt2an3-c597d109b1411e9340d8dc2b7fd3641f .av-image-caption-overlay-center{\ncolor:#ffffff;\n}\n<\/style>\n<div  class='avia-image-container av-lojt2an3-c597d109b1411e9340d8dc2b7fd3641f av-styling- avia-align-center  avia-builder-el-11  avia-builder-el-no-sibling  av-img-box-shadow av-box-shadow-not-animated'   itemprop=\"image\" itemscope=\"itemscope\" itemtype=\"https:\/\/schema.org\/ImageObject\" ><div class=\"avia-image-container-inner\"><div class=\"avia-image-overlay-wrap\"><img decoding=\"async\" class='wp-image-96 avia-img-lazy-loading-not-96 avia_image shadow-not-animated' src=\"https:\/\/www.ideoceviri.com\/wp-content\/uploads\/2023\/11\/ideo-ceviri-3-710x375.png\" alt='' title='ideo-ceviri (3)'  height=\"375\" width=\"710\"  itemprop=\"thumbnailUrl\"  \/><\/div><\/div><\/div><\/div><\/div><!--close column table wrapper. Autoclose: 1 -->\n\n<\/div><\/div><\/div><!-- close content main div --><\/div><\/div><div id='av_section_3'  class='avia-section av-loohdnt3-c52832b9697a20925d6c4d7bae3f1a32 main_color avia-section-default avia-no-border-styling  avia-builder-el-12  el_after_av_section  avia-builder-el-last  av-desktop-hide av-medium-hide avia-bg-style-scroll container_wrap sidebar_right'  ><div class='container av-section-cont-open' ><div class='template-page content  av-content-small alpha units'><div class='post-entry post-entry-type-page post-entry-21'><div class='entry-content-wrapper clearfix'>\n<div class='flex_column_table av-5fio9-05bfd70dece84b9ed41a1666559fe094 sc-av_one_half av-equal-height-column-flextable'><div  class='flex_column av-5fio9-05bfd70dece84b9ed41a1666559fe094 av_one_half  avia-builder-el-13  el_before_av_one_half  avia-builder-el-first  first flex_column_table_cell av-equal-height-column av-align-middle av-animated-generic left-to-right'     ><style type=\"text\/css\" data-created_by=\"avia_inline_auto\" id=\"style-css-av-5bdd9-786731c25467ce6c5c6581a82c534151\">\n@keyframes av_boxShadowEffect_av-5bdd9-786731c25467ce6c5c6581a82c534151 {\n0%   { box-shadow:  0 0 0 0 ; opacity: 1; }\n100% { box-shadow:  0 0 10px 0 ; opacity: 1; }\n}\n.avia-image-container.av-5bdd9-786731c25467ce6c5c6581a82c534151 img.avia_image{\nbox-shadow: 0 0 10px 0 ;\n}\n.avia-image-container.av-5bdd9-786731c25467ce6c5c6581a82c534151 .av-image-caption-overlay-center{\ncolor:#ffffff;\n}\n<\/style>\n<div  class='avia-image-container av-5bdd9-786731c25467ce6c5c6581a82c534151 av-styling- avia-align-center  avia-builder-el-14  avia-builder-el-no-sibling  av-img-box-shadow av-box-shadow-not-animated'   itemprop=\"image\" itemscope=\"itemscope\" itemtype=\"https:\/\/schema.org\/ImageObject\" ><div class=\"avia-image-container-inner\"><div class=\"avia-image-overlay-wrap\"><img decoding=\"async\" class='wp-image-250 avia-img-lazy-loading-not-250 avia_image shadow-not-animated' src=\"https:\/\/www.ideoceviri.com\/wp-content\/uploads\/2023\/11\/ardil-ceviri-710x375.png\" alt='Ard\u0131l \u00c7eviri' title='Ard\u0131l \u00c7eviri'  height=\"375\" width=\"710\"  itemprop=\"thumbnailUrl\"  \/><\/div><\/div><\/div><\/div><div class='av-flex-placeholder'><\/div><div  class='flex_column av-4meg5-72570aee8f39a45fa39d7106088b8db9 av_one_half  avia-builder-el-15  el_after_av_one_half  el_before_av_one_half  flex_column_table_cell av-equal-height-column av-align-middle av-animated-generic right-to-left'     ><section  class='av_textblock_section av-45yh1-50b885c352df6d0d91d3bd127ae28f5f'   itemscope=\"itemscope\" itemtype=\"https:\/\/schema.org\/CreativeWork\" ><div class='avia_textblock'  itemprop=\"text\" ><p><strong>Ideo \u00c7eviri<\/strong> Hizmetleri 10 y\u0131l\u0131 a\u015fk\u0131n deneyimiyle, ilkeli ve d\u00fcr\u00fcst hizmet anlay\u0131\u015f\u0131yla; kusursuz ve eksiksiz \u00e7eviriyi, gecikme olmaks\u0131z\u0131n \u00fcstelik her dilde en uygun fiyata sunmaktad\u0131r. Kurulu\u015f tarihimizden bu yana \u00f6nceli\u011fimiz kaliteli \u00e7eviri hizmeti sa\u011flamak olmu\u015ftur.<\/p>\n<p>Dilbilimciler, edit\u00f6rler ve konular\u0131nda uzman profesyonel \u00e7evirmenlerden olu\u015fan kadromuzla t\u00fcm \u00e7eviri ihtiya\u00e7lar\u0131n\u0131z\u0131 zaman\u0131nda ve eksiksiz olarak kar\u015f\u0131layabiliriz.<\/p>\n<\/div><\/section><\/div><\/div><!--close column table wrapper. Autoclose: 1 --><div  class='flex_column av-2kpil-5dd8efafef39612377bf4f23a9561719 av_one_half  avia-builder-el-17  el_after_av_one_half  el_before_av_one_half  first flex_column_div av-animated-generic right-to-left  column-top-margin'     ><style type=\"text\/css\" data-created_by=\"avia_inline_auto\" id=\"style-css-av-289r5-d0d6bb0549613fd857b714e17e2abd17\">\n@keyframes av_boxShadowEffect_av-289r5-d0d6bb0549613fd857b714e17e2abd17 {\n0%   { box-shadow:  0 0 0 0 ; opacity: 1; }\n100% { box-shadow:  0 0 10px 0 ; opacity: 1; }\n}\n.avia-image-container.av-289r5-d0d6bb0549613fd857b714e17e2abd17 img.avia_image{\nbox-shadow: 0 0 10px 0 ;\n}\n.avia-image-container.av-289r5-d0d6bb0549613fd857b714e17e2abd17 .av-image-caption-overlay-center{\ncolor:#ffffff;\n}\n<\/style>\n<div  class='avia-image-container av-289r5-d0d6bb0549613fd857b714e17e2abd17 av-styling- avia-align-center  avia-builder-el-18  avia-builder-el-no-sibling  av-img-box-shadow av-box-shadow-not-animated'   itemprop=\"image\" itemscope=\"itemscope\" itemtype=\"https:\/\/schema.org\/ImageObject\" ><div class=\"avia-image-container-inner\"><div class=\"avia-image-overlay-wrap\"><img decoding=\"async\" class='wp-image-96 avia-img-lazy-loading-not-96 avia_image shadow-not-animated' src=\"https:\/\/www.ideoceviri.com\/wp-content\/uploads\/2023\/11\/ideo-ceviri-3-710x375.png\" alt='' title='ideo-ceviri (3)'  height=\"375\" width=\"710\"  itemprop=\"thumbnailUrl\"  \/><\/div><\/div><\/div><\/div><div  class='flex_column av-6839-0820b4dd0802a92c2dd13052869ee875 av_one_half  avia-builder-el-19  el_after_av_one_half  avia-builder-el-last  flex_column_div av-animated-generic left-to-right  column-top-margin'     ><section  class='av_textblock_section av-ztd9-2020a4bc7a70599b4000c7d48fd7c38e'   itemscope=\"itemscope\" itemtype=\"https:\/\/schema.org\/CreativeWork\" ><div class='avia_textblock'  itemprop=\"text\" ><p>\u00c7eviri sekt\u00f6r\u00fcn\u00fcn yaz\u0131l\u0131 \u00e7eviri, s\u00f6zl\u00fc \u00e7eviri, sim\u00fcltane \u00e7eviri, yerelle\u015ftirme ve globalle\u015ftirme gibi pek \u00e7ok dal\u0131nda faaliyet g\u00f6steren <strong>Ideo \u00c7eviri<\/strong> rakipsiz geri d\u00f6n\u00fc\u015f zamanlar\u0131 ve kaliteli \u00e7eviri anlay\u0131\u015f\u0131yla her ge\u00e7en g\u00fcn b\u00fcy\u00fcmeye devam etmektedir.<\/p>\n<p>T\u00fcm d\u00fcnya dillerinde hizmet veren, artan memnun kurumsal m\u00fc\u015fteri referanslar\u0131n\u0131n yan\u0131 s\u0131ra sayg\u0131n uluslar aras\u0131 dergilerde yay\u0131mlanan y\u00fczlerce makale \u00e7evirisiyle uzmanl\u0131k ve kalitenin bulu\u015ftu\u011fu <strong>Ideo \u00c7eviri<\/strong> Hizmetleri 7\/24 hizmetinizdedir.<\/p>\n<\/div><\/section><\/div>\n<\/div><\/div><\/div><!-- close content main div --><\/div><\/div><div id='after_section_3'  class='main_color av_default_container_wrap container_wrap sidebar_right'  ><div class='container av-section-cont-open' ><div class='template-page content  av-content-small alpha units'><div class='post-entry post-entry-type-page post-entry-21'><div class='entry-content-wrapper clearfix'>","protected":false},"excerpt":{"rendered":"","protected":false},"author":1,"featured_media":0,"parent":0,"menu_order":0,"comment_status":"closed","ping_status":"closed","template":"","meta":{"footnotes":""},"class_list":["post-21","page","type-page","status-publish","hentry"],"_links":{"self":[{"href":"https:\/\/www.ideoceviri.com\/en\/wp-json\/wp\/v2\/pages\/21","targetHints":{"allow":["GET"]}}],"collection":[{"href":"https:\/\/www.ideoceviri.com\/en\/wp-json\/wp\/v2\/pages"}],"about":[{"href":"https:\/\/www.ideoceviri.com\/en\/wp-json\/wp\/v2\/types\/page"}],"author":[{"embeddable":true,"href":"https:\/\/www.ideoceviri.com\/en\/wp-json\/wp\/v2\/users\/1"}],"replies":[{"embeddable":true,"href":"https:\/\/www.ideoceviri.com\/en\/wp-json\/wp\/v2\/comments?post=21"}],"version-history":[{"count":44,"href":"https:\/\/www.ideoceviri.com\/en\/wp-json\/wp\/v2\/pages\/21\/revisions"}],"predecessor-version":[{"id":552,"href":"https:\/\/www.ideoceviri.com\/en\/wp-json\/wp\/v2\/pages\/21\/revisions\/552"}],"wp:attachment":[{"href":"https:\/\/www.ideoceviri.com\/en\/wp-json\/wp\/v2\/media?parent=21"}],"curies":[{"name":"wp","href":"https:\/\/api.w.org\/{rel}","templated":true}]}}