{"id":27,"date":"2023-11-04T10:23:23","date_gmt":"2023-11-04T07:23:23","guid":{"rendered":"https:\/\/www.ideoceviri.com\/?page_id=27"},"modified":"2023-11-07T18:33:20","modified_gmt":"2023-11-07T15:33:20","slug":"sss","status":"publish","type":"page","link":"https:\/\/www.ideoceviri.com\/en\/sss\/","title":{"rendered":"SSS"},"content":{"rendered":"<style type=\"text\/css\" data-created_by=\"avia_inline_auto\" id=\"style-css-av-loohqgk5-c222719ed16e54be1257c8afe6471df3\">\n.avia-section.av-loohqgk5-c222719ed16e54be1257c8afe6471df3{\nbackground-repeat:no-repeat;\nbackground-image:url(https:\/\/www.ideoceviri.com\/wp-content\/uploads\/2023\/11\/tercume-hizmet2-1210x423.jpg);\nbackground-position:50% 50%;\nbackground-attachment:scroll;\nposition:relative;\n}\n.avia-section.av-loohqgk5-c222719ed16e54be1257c8afe6471df3 .avia-divider-svg-bottom svg{\nheight:50px;\nwidth:calc(184% + 1.3px);\nfill:#ffffff;\n}\n<\/style>\n<div id='av_section_1'  class='avia-section av-loohqgk5-c222719ed16e54be1257c8afe6471df3 main_color avia-section-default avia-no-border-styling  avia-builder-el-0  el_before_av_toggle_container  avia-builder-el-first  avia-full-stretch avia-bg-style-scroll av-minimum-height av-minimum-height-custom av-height-custom  container_wrap sidebar_right'  data-section-bg-repeat='stretch' data-av_minimum_height_px='300'><div class='avia-divider-svg avia-divider-svg-waves avia-divider-svg-bottom avia-svg-original'><svg xmlns=\"http:\/\/www.w3.org\/2000\/svg\" viewbox=\"0 0 1000 100\" preserveaspectratio=\"none\">\n\t<path d=\"M421.9,6.5c22.6-2.5,51.5,0.4,75.5,5.3c23.6,4.9,70.9,23.5,100.5,35.7c75.8,32.2,133.7,44.5,192.6,49.7\tc23.6,2.1,48.7,3.5,103.4-2.5c54.7-6,106.2-25.6,106.2-25.6V0H0v30.3c0,0,72,32.6,158.4,30.5c39.2-0.7,92.8-6.7,134-22.4\tc21.2-8.1,52.2-18.2,79.7-24.2C399.3,7.9,411.6,7.5,421.9,6.5z\"\/>\n<\/svg><\/div><div class='container av-section-cont-open' style='height:300px'><main  role=\"main\" itemprop=\"mainContentOfPage\"  class='template-page content  av-content-small alpha units'><div class='post-entry post-entry-type-page post-entry-27'><div class='entry-content-wrapper clearfix'>\n\n<style type=\"text\/css\" data-created_by=\"avia_inline_auto\" id=\"style-css-av-av_one_third-c598daac97da2b434d7b136b1d8e8fd6\">\n.flex_column.av-av_one_third-c598daac97da2b434d7b136b1d8e8fd6{\npadding:13px 0 5px 0;\nbackground-color:rgba(47,138,224,0.78);\n}\n<\/style>\n<div  class='flex_column av-av_one_third-c598daac97da2b434d7b136b1d8e8fd6 av_one_third  avia-builder-el-1  avia-builder-el-no-sibling  first flex_column_div'     ><style type=\"text\/css\" data-created_by=\"avia_inline_auto\" id=\"style-css-av-loohq7rb-f737741edfd5003ff6f616c9f6fe2dcb\">\n#top .av-special-heading.av-loohq7rb-f737741edfd5003ff6f616c9f6fe2dcb{\npadding-bottom:10px;\ncolor:#ffffff;\n}\nbody .av-special-heading.av-loohq7rb-f737741edfd5003ff6f616c9f6fe2dcb .av-special-heading-tag .heading-char{\nfont-size:25px;\n}\n.av-special-heading.av-loohq7rb-f737741edfd5003ff6f616c9f6fe2dcb .special-heading-inner-border{\nborder-color:#ffffff;\n}\n.av-special-heading.av-loohq7rb-f737741edfd5003ff6f616c9f6fe2dcb .av-subheading{\nfont-size:15px;\n}\n\n@media only screen and (min-width: 768px) and (max-width: 989px){ \n#top #wrap_all .av-special-heading.av-loohq7rb-f737741edfd5003ff6f616c9f6fe2dcb .av-special-heading-tag{\nfont-size:19px;\n}\n}\n\n@media only screen and (min-width: 480px) and (max-width: 767px){ \n#top #wrap_all .av-special-heading.av-loohq7rb-f737741edfd5003ff6f616c9f6fe2dcb .av-special-heading-tag{\nfont-size:19px;\n}\n}\n\n@media only screen and (max-width: 479px){ \n#top #wrap_all .av-special-heading.av-loohq7rb-f737741edfd5003ff6f616c9f6fe2dcb .av-special-heading-tag{\nfont-size:18px;\n}\n}\n<\/style>\n<div  class='av-special-heading av-loohq7rb-f737741edfd5003ff6f616c9f6fe2dcb av-special-heading-h1 custom-color-heading blockquote modern-quote modern-centered  avia-builder-el-2  avia-builder-el-no-sibling'><h1 class='av-special-heading-tag'  itemprop=\"headline\"  >SSS<\/h1><div class=\"special-heading-border\"><div class=\"special-heading-inner-border\"><\/div><\/div><\/div><\/div><\/div><\/div><\/main><!-- close content main element --><\/div><\/div><div id='after_section_1'  class='main_color av_default_container_wrap container_wrap sidebar_right'  ><div class='container av-section-cont-open' ><div class='template-page content  av-content-small alpha units'><div class='post-entry post-entry-type-page post-entry-27'><div class='entry-content-wrapper clearfix'>\n<style type=\"text\/css\" data-created_by=\"avia_inline_auto\" id=\"style-css-av-lok0mc2c-63337c91d04b46d34565f1fc1dbbedc7\">\n#top .togglecontainer.av-lok0mc2c-63337c91d04b46d34565f1fc1dbbedc7 p.toggler{\nfont-size:19px;\n}\n#top .togglecontainer.av-lok0mc2c-63337c91d04b46d34565f1fc1dbbedc7 p.toggler .toggle_icon{\ncolor:#6d6d6d;\nborder-color:#6d6d6d;\n}\n#top .togglecontainer.av-lok0mc2c-63337c91d04b46d34565f1fc1dbbedc7 p.toggler .toggle_icon > span{\ncolor:#6d6d6d;\nborder-color:#6d6d6d;\n}\n#top .togglecontainer.av-lok0mc2c-63337c91d04b46d34565f1fc1dbbedc7 .toggle_wrap .toggle_content{\nfont-size:16px;\n}\n<\/style>\n<div  class='togglecontainer av-lok0mc2c-63337c91d04b46d34565f1fc1dbbedc7  avia-builder-el-3  el_after_av_section  avia-builder-el-no-sibling  toggle_close_all' >\n<section class='av_toggle_section av-lok09brl-94ef59f182704fb258faee86a689f709'  itemscope=\"itemscope\" itemtype=\"https:\/\/schema.org\/CreativeWork\" ><div role=\"tablist\" class=\"single_toggle\" data-tags=\"{All} \"  ><p data-fake-id='#toggle-id-1' class='toggler  activeTitle'  itemprop=\"headline\"  role='tab' tabindex='0' aria-controls='toggle-id-1'>\u00c7evirimin sayfa say\u0131s\u0131 nas\u0131l belirlenir?<span class=\"toggle_icon\"><span class=\"vert_icon\"><\/span><span class=\"hor_icon\"><\/span><\/span><\/p><div id='toggle-id-1' class='toggle_wrap  active_tc' style='display:block;' ><div class='toggle_content invers-color'  itemprop=\"text\" ><div class=\"questions\">\n<div class=\"qAnswer\">\n<div class=\"questions\">\n<div class=\"qAnswer\">\n<p>492 say\u0131l\u0131 Har\u00e7lar Kanunu gere\u011fince 1 sayfa yirmi sat\u0131rdan olu\u015fur ve bo\u015fluksuz olarak 1000 karakter (c\u00fcmle\/kelime de\u011fil) i\u00e7erir.<\/p>\n<\/div>\n<\/div>\n<\/div>\n<\/div>\n<\/div><\/div><\/div><\/section>\n<section class='av_toggle_section av-lok0a2yv-57cb32b77b3297255443a13769c94eaa'  itemscope=\"itemscope\" itemtype=\"https:\/\/schema.org\/CreativeWork\" ><div role=\"tablist\" class=\"single_toggle\" data-tags=\"{All} \"  ><p data-fake-id='#toggle-id-2' class='toggler'  itemprop=\"headline\"  role='tab' tabindex='0' aria-controls='toggle-id-2'>\u00c7evirimi size nas\u0131l ula\u015ft\u0131rabilirim?<span class=\"toggle_icon\"><span class=\"vert_icon\"><\/span><span class=\"hor_icon\"><\/span><\/span><\/p><div id='toggle-id-2' class='toggle_wrap'  ><div class='toggle_content invers-color'  itemprop=\"text\" ><div class=\"questions\">\n<div class=\"qAnswer\">\n<div class=\"questions\">\n<div class=\"qAnswer\">\n<p>Bize elektronik posta yoluyla diledi\u011finiz her an ula\u015fabilirsiniz: info@ideoceviri.com<\/p>\n<\/div>\n<\/div>\n<\/div>\n<\/div>\n<\/div><\/div><\/div><\/section>\n<section class='av_toggle_section av-lok0afco-4925509ad78006d12b2af86fbc28cc72'  itemscope=\"itemscope\" itemtype=\"https:\/\/schema.org\/CreativeWork\" ><div role=\"tablist\" class=\"single_toggle\" data-tags=\"{All} \"  ><p data-fake-id='#toggle-id-3' class='toggler'  itemprop=\"headline\"  role='tab' tabindex='0' aria-controls='toggle-id-3'>\u00c7evirim ne kadar s\u00fcrede tamamlan\u0131r?<span class=\"toggle_icon\"><span class=\"vert_icon\"><\/span><span class=\"hor_icon\"><\/span><\/span><\/p><div id='toggle-id-3' class='toggle_wrap'  ><div class='toggle_content invers-color'  itemprop=\"text\" ><div class=\"questions\">\n<div class=\"qAnswer\">\n<div class=\"questions\">\n<div class=\"qAnswer\">\n<p>Bu elbette ki \u00e7evirinizin uzunlu\u011funa ve zorlu\u011funa g\u00f6re de\u011fi\u015fir. Bu nedenle her metin i\u00e7in ayr\u0131 bir de\u011ferlendirme yaparak m\u00fc\u015fterilerimize en uygun s\u00fcreyi e-posta yahut telefon yoluyla bildiririz.<\/p>\n<\/div>\n<\/div>\n<\/div>\n<\/div>\n<\/div><\/div><\/div><\/section>\n<section class='av_toggle_section av-lok0hwxt-7c79d938dceb109ef3915c1510aa22a4'  itemscope=\"itemscope\" itemtype=\"https:\/\/schema.org\/CreativeWork\" ><div role=\"tablist\" class=\"single_toggle\" data-tags=\"{All} \"  ><p data-fake-id='#toggle-id-4' class='toggler'  itemprop=\"headline\"  role='tab' tabindex='0' aria-controls='toggle-id-4'>\u00c7evirim belirlenen s\u00fcrede tamamlanmazsa ne olur?<span class=\"toggle_icon\"><span class=\"vert_icon\"><\/span><span class=\"hor_icon\"><\/span><\/span><\/p><div id='toggle-id-4' class='toggle_wrap'  ><div class='toggle_content invers-color'  itemprop=\"text\" ><div class=\"questions\">\n<div class=\"qAnswer\">\n<div class=\"questions\">\n<div class=\"qAnswer\">\n<p>Belitti\u011fimiz s\u00fcrede tamamlayamayaca\u011f\u0131m\u0131z hi\u00e7bir \u00e7eviriyi kabul etmeyiz.<\/p>\n<\/div>\n<\/div>\n<\/div>\n<\/div>\n<\/div><\/div><\/div><\/section>\n<section class='av_toggle_section av-lok0i9e0-7b69a4936bd7160720f439775f123fe5'  itemscope=\"itemscope\" itemtype=\"https:\/\/schema.org\/CreativeWork\" ><div role=\"tablist\" class=\"single_toggle\" data-tags=\"{All} \"  ><p data-fake-id='#toggle-id-5' class='toggler'  itemprop=\"headline\"  role='tab' tabindex='0' aria-controls='toggle-id-5'>Akademik \u00e7evirim kimin taraf\u0131ndan yap\u0131lacak?<span class=\"toggle_icon\"><span class=\"vert_icon\"><\/span><span class=\"hor_icon\"><\/span><\/span><\/p><div id='toggle-id-5' class='toggle_wrap'  ><div class='toggle_content invers-color'  itemprop=\"text\" ><div class=\"questions\">\n<div class=\"qAnswer\">\n<div class=\"questions\">\n<div class=\"qAnswer\">\n<p><strong>\u0130deo \u00c7eviri<\/strong> olarak konusunda uzman akademisyen ve \/ veya ilgili konuda doktora\/master tezi yazm\u0131\u015f uzmanlarla \u00e7al\u0131\u015fmaktay\u0131z. \u015eimdiye dek hi\u00e7bir akademik makale\/\u00f6zet \u00e7evirimiz geri \u00e7evrilmemi\u015ftir.<\/p>\n<\/div>\n<\/div>\n<div class=\"questions\"><\/div>\n<\/div>\n<\/div>\n<\/div><\/div><\/div><\/section>\n<section class='av_toggle_section av-lok0itjl-848493e0aa5528381ee7bbf2898c9139'  itemscope=\"itemscope\" itemtype=\"https:\/\/schema.org\/CreativeWork\" ><div role=\"tablist\" class=\"single_toggle\" data-tags=\"{All} \"  ><p data-fake-id='#toggle-id-6' class='toggler'  itemprop=\"headline\"  role='tab' tabindex='0' aria-controls='toggle-id-6'>Deneme \u00e7evirisi yapt\u0131rabilir miyim?<span class=\"toggle_icon\"><span class=\"vert_icon\"><\/span><span class=\"hor_icon\"><\/span><\/span><\/p><div id='toggle-id-6' class='toggle_wrap'  ><div class='toggle_content invers-color'  itemprop=\"text\" ><div class=\"questions\">\n<div class=\"qAnswer\">\n<div class=\"questions\">\n<div class=\"qAnswer\">\n<p>1000 karakteri a\u015fmayan deneme \u00e7evirileriniz \u00fccretsiz olarak en k\u0131sa s\u00fcrede size ula\u015ft\u0131r\u0131l\u0131r. Kaliteli \u00e7eviri birka\u00e7 c\u00fcmlede dahi anla\u015f\u0131l\u0131r.<\/p>\n<\/div>\n<\/div>\n<\/div>\n<\/div>\n<div class=\"questions\"><\/div>\n<\/div><\/div><\/div><\/section>\n<section class='av_toggle_section av-lok0j6k1-dd47c6bc4edc7f357a427c02e2d2878f'  itemscope=\"itemscope\" itemtype=\"https:\/\/schema.org\/CreativeWork\" ><div role=\"tablist\" class=\"single_toggle\" data-tags=\"{All} \"  ><p data-fake-id='#toggle-id-7' class='toggler'  itemprop=\"headline\"  role='tab' tabindex='0' aria-controls='toggle-id-7'>Yap\u0131lan \u00e7eviriler saklan\u0131yor mu?<span class=\"toggle_icon\"><span class=\"vert_icon\"><\/span><span class=\"hor_icon\"><\/span><\/span><\/p><div id='toggle-id-7' class='toggle_wrap'  ><div class='toggle_content invers-color'  itemprop=\"text\" ><div class=\"questions\">\n<div class=\"qAnswer\">\n<p>Evet. Yapt\u0131\u011f\u0131m\u0131z t\u00fcm \u00e7eviriler ar\u015fivlerimizde saklan\u0131r ve gerekli g\u00f6rd\u00fc\u011f\u00fcn\u00fcz taktirde size yeniden g\u00f6nderilebilir. Gizlilik ilkeleri dahilinde \u00e7al\u0131\u015fmalar\u0131n\u0131z hi\u00e7bir \u00fc\u00e7\u00fcnc\u00fc \u015fah\u0131s ve \/ veya kurumla payla\u015f\u0131lmaz.<\/p>\n<\/div>\n<\/div>\n<\/div><\/div><\/div><\/section>\n<section class='av_toggle_section av-lok0k35k-28373e8af673f05de49dc76d3d59c498'  itemscope=\"itemscope\" itemtype=\"https:\/\/schema.org\/CreativeWork\" ><div role=\"tablist\" class=\"single_toggle\" data-tags=\"{All} \"  ><p data-fake-id='#toggle-id-8' class='toggler'  itemprop=\"headline\"  role='tab' tabindex='0' aria-controls='toggle-id-8'>\u00c7ok s\u0131k \u00e7eviri yapt\u0131rmam gerekiyor. \u00dccrette de\u011fi\u015fiklik oluyor mu?<span class=\"toggle_icon\"><span class=\"vert_icon\"><\/span><span class=\"hor_icon\"><\/span><\/span><\/p><div id='toggle-id-8' class='toggle_wrap'  ><div class='toggle_content invers-color'  itemprop=\"text\" ><div class=\"questions\">\n<div class=\"qAnswer\">\n<p>Elbette. D\u00fczenli \u00e7al\u0131\u015ft\u0131\u011f\u0131m\u0131z m\u00fc\u015fterilerimiz ayn\u0131 titizlikteki \u00e7eviri hizmeti i\u00e7in %20 daha az \u00f6deme yapar.<\/p>\n<\/div>\n<\/div>\n<\/div><\/div><\/div><\/section>\n<section class='av_toggle_section av-lok0keuo-ad743cf1f65bf79df7b1f6978e5a1d32'  itemscope=\"itemscope\" itemtype=\"https:\/\/schema.org\/CreativeWork\" ><div role=\"tablist\" class=\"single_toggle\" data-tags=\"{All} \"  ><p data-fake-id='#toggle-id-9' class='toggler'  itemprop=\"headline\"  role='tab' tabindex='0' aria-controls='toggle-id-9'>\u00c7eviriden memnun kalmazsam ne yap\u0131l\u0131yor?<span class=\"toggle_icon\"><span class=\"vert_icon\"><\/span><span class=\"hor_icon\"><\/span><\/span><\/p><div id='toggle-id-9' class='toggle_wrap'  ><div class='toggle_content invers-color'  itemprop=\"text\" ><div class=\"questions\">\n<div class=\"qAnswer\">\n<p>\u015eimdiye kadar hi\u00e7 b\u00f6yle bir durumla kar\u015f\u0131la\u015fmad\u0131k. Ancak e\u011fer \u00e7eviriden memnun kalmazsan\u0131z uzman edit\u00f6rlerimiz hi\u00e7bir \u00fccret talep etmeden \u00e7evirinizi ba\u015ftan sona g\u00f6zden ge\u00e7irip istedi\u011finiz ve\/veya gerekli g\u00f6rd\u00fckleri d\u00fczeltmeleri yaparak %100 memnuniyet sa\u011flanmas\u0131n\u0131 garanti ederler. Daha \u00f6nce de belirtti\u011fimiz gibi \u0130deo \u00c7eviri olarak hi\u00e7bir \u00e7evirimiz geri \u00e7evrilmemi\u015ftir.<\/p>\n<\/div>\n<\/div>\n<\/div><\/div><\/div><\/section>\n<section class='av_toggle_section av-lok0kyqg-00f7376967a2a675172c47b9711e8a56'  itemscope=\"itemscope\" itemtype=\"https:\/\/schema.org\/CreativeWork\" ><div role=\"tablist\" class=\"single_toggle\" data-tags=\"{All} \"  ><p data-fake-id='#toggle-id-10' class='toggler'  itemprop=\"headline\"  role='tab' tabindex='0' aria-controls='toggle-id-10'>\u00d6demeyi nas\u0131l yapabilirim?<span class=\"toggle_icon\"><span class=\"vert_icon\"><\/span><span class=\"hor_icon\"><\/span><\/span><\/p><div id='toggle-id-10' class='toggle_wrap'  ><div class='toggle_content invers-color'  itemprop=\"text\" ><section>\n<div id=\"content\" class=\"sw cnt\">\n<div id=\"newsBack\">\n<div class=\"questions\">\n<div class=\"qAnswer\">\n<p>\u00c7eviriniz size ula\u015ft\u0131ktan ve kontrol edip memnun kald\u0131ktan sonra size bildirece\u011fimiz hesab\u0131m\u0131za EFT\/Havale yoluyla \u00e7eviri \u00fccretini yat\u0131rabilirsiniz.<\/p>\n<\/div>\n<\/div>\n<\/div>\n<\/div>\n<\/section>\n<div id=\"social\"><\/div>\n<\/div><\/div><\/div><\/section>\n<\/div><\/p>","protected":false},"excerpt":{"rendered":"","protected":false},"author":1,"featured_media":0,"parent":0,"menu_order":0,"comment_status":"closed","ping_status":"closed","template":"","meta":{"footnotes":""},"class_list":["post-27","page","type-page","status-publish","hentry"],"_links":{"self":[{"href":"https:\/\/www.ideoceviri.com\/en\/wp-json\/wp\/v2\/pages\/27","targetHints":{"allow":["GET"]}}],"collection":[{"href":"https:\/\/www.ideoceviri.com\/en\/wp-json\/wp\/v2\/pages"}],"about":[{"href":"https:\/\/www.ideoceviri.com\/en\/wp-json\/wp\/v2\/types\/page"}],"author":[{"embeddable":true,"href":"https:\/\/www.ideoceviri.com\/en\/wp-json\/wp\/v2\/users\/1"}],"replies":[{"embeddable":true,"href":"https:\/\/www.ideoceviri.com\/en\/wp-json\/wp\/v2\/comments?post=27"}],"version-history":[{"count":7,"href":"https:\/\/www.ideoceviri.com\/en\/wp-json\/wp\/v2\/pages\/27\/revisions"}],"predecessor-version":[{"id":516,"href":"https:\/\/www.ideoceviri.com\/en\/wp-json\/wp\/v2\/pages\/27\/revisions\/516"}],"wp:attachment":[{"href":"https:\/\/www.ideoceviri.com\/en\/wp-json\/wp\/v2\/media?parent=27"}],"curies":[{"name":"wp","href":"https:\/\/api.w.org\/{rel}","templated":true}]}}