{"id":28,"date":"2023-11-04T10:23:23","date_gmt":"2023-11-04T07:23:23","guid":{"rendered":"https:\/\/www.ideoceviri.com\/?page_id=28"},"modified":"2023-11-17T10:08:32","modified_gmt":"2023-11-17T07:08:32","slug":"iletisim","status":"publish","type":"page","link":"https:\/\/www.ideoceviri.com\/en\/iletisim\/","title":{"rendered":"\u0130leti\u015fim"},"content":{"rendered":"<style type=\"text\/css\" data-created_by=\"avia_inline_auto\" id=\"style-css-av-loohrdx4-e000b921dbb3075e4407dfce4ad96f73\">\n.avia-section.av-loohrdx4-e000b921dbb3075e4407dfce4ad96f73{\nbackground-repeat:no-repeat;\nbackground-image:url(https:\/\/www.ideoceviri.com\/wp-content\/uploads\/2023\/11\/tercume-hizmet-1210x423.jpg);\nbackground-position:50% 50%;\nbackground-attachment:scroll;\nposition:relative;\n}\n.avia-section.av-loohrdx4-e000b921dbb3075e4407dfce4ad96f73 .avia-divider-svg-bottom svg{\nheight:50px;\nwidth:calc(184% + 1.3px);\nfill:#ffffff;\n}\n<\/style>\n<div id='av_section_1'  class='avia-section av-loohrdx4-e000b921dbb3075e4407dfce4ad96f73 main_color avia-section-default avia-no-border-styling  avia-builder-el-0  el_before_av_one_fifth  avia-builder-el-first  avia-full-stretch avia-bg-style-scroll av-minimum-height av-minimum-height-custom av-height-custom  container_wrap sidebar_right'  data-section-bg-repeat='stretch' data-av_minimum_height_px='300'><div class='avia-divider-svg avia-divider-svg-waves avia-divider-svg-bottom avia-svg-original'><svg xmlns=\"http:\/\/www.w3.org\/2000\/svg\" viewbox=\"0 0 1000 100\" preserveaspectratio=\"none\">\n\t<path d=\"M421.9,6.5c22.6-2.5,51.5,0.4,75.5,5.3c23.6,4.9,70.9,23.5,100.5,35.7c75.8,32.2,133.7,44.5,192.6,49.7\tc23.6,2.1,48.7,3.5,103.4-2.5c54.7-6,106.2-25.6,106.2-25.6V0H0v30.3c0,0,72,32.6,158.4,30.5c39.2-0.7,92.8-6.7,134-22.4\tc21.2-8.1,52.2-18.2,79.7-24.2C399.3,7.9,411.6,7.5,421.9,6.5z\"\/>\n<\/svg><\/div><div class='container av-section-cont-open' style='height:300px'><main  role=\"main\" itemprop=\"mainContentOfPage\"  class='template-page content  av-content-small alpha units'><div class='post-entry post-entry-type-page post-entry-28'><div class='entry-content-wrapper clearfix'>\n\n<style type=\"text\/css\" data-created_by=\"avia_inline_auto\" id=\"style-css-av-zl48-37c02a73e87300a057cbb87c75a0d6c4\">\n.flex_column.av-zl48-37c02a73e87300a057cbb87c75a0d6c4{\npadding:13px 0 5px 0;\nbackground-color:rgba(47,138,224,0.78);\n}\n<\/style>\n<div  class='flex_column av-zl48-37c02a73e87300a057cbb87c75a0d6c4 av_one_third  avia-builder-el-1  avia-builder-el-no-sibling  first flex_column_div'     ><style type=\"text\/css\" data-created_by=\"avia_inline_auto\" id=\"style-css-av-loohr4ys-fcbec31d93f73694d4bdb0e59d69e6c2\">\n#top .av-special-heading.av-loohr4ys-fcbec31d93f73694d4bdb0e59d69e6c2{\npadding-bottom:10px;\ncolor:#ffffff;\n}\nbody .av-special-heading.av-loohr4ys-fcbec31d93f73694d4bdb0e59d69e6c2 .av-special-heading-tag .heading-char{\nfont-size:25px;\n}\n.av-special-heading.av-loohr4ys-fcbec31d93f73694d4bdb0e59d69e6c2 .special-heading-inner-border{\nborder-color:#ffffff;\n}\n.av-special-heading.av-loohr4ys-fcbec31d93f73694d4bdb0e59d69e6c2 .av-subheading{\nfont-size:15px;\n}\n\n@media only screen and (min-width: 768px) and (max-width: 989px){ \n#top #wrap_all .av-special-heading.av-loohr4ys-fcbec31d93f73694d4bdb0e59d69e6c2 .av-special-heading-tag{\nfont-size:19px;\n}\n}\n\n@media only screen and (min-width: 480px) and (max-width: 767px){ \n#top #wrap_all .av-special-heading.av-loohr4ys-fcbec31d93f73694d4bdb0e59d69e6c2 .av-special-heading-tag{\nfont-size:19px;\n}\n}\n\n@media only screen and (max-width: 479px){ \n#top #wrap_all .av-special-heading.av-loohr4ys-fcbec31d93f73694d4bdb0e59d69e6c2 .av-special-heading-tag{\nfont-size:18px;\n}\n}\n<\/style>\n<div  class='av-special-heading av-loohr4ys-fcbec31d93f73694d4bdb0e59d69e6c2 av-special-heading-h1 custom-color-heading blockquote modern-quote modern-centered  avia-builder-el-2  avia-builder-el-no-sibling'><h1 class='av-special-heading-tag'  itemprop=\"headline\"  >\u0130LET\u0130\u015e\u0130M<\/h1><div class=\"special-heading-border\"><div class=\"special-heading-inner-border\"><\/div><\/div><\/div><\/div>\n<\/div><\/div><\/main><!-- close content main element --><\/div><\/div><div id='after_section_1'  class='main_color av_default_container_wrap container_wrap sidebar_right'  ><div class='container av-section-cont-open' ><div class='template-page content  av-content-small alpha units'><div class='post-entry post-entry-type-page post-entry-28'><div class='entry-content-wrapper clearfix'>\n<div  class='flex_column av-2pg78-6c20076e7210fc20a6e438fb30c6ab99 av_one_fifth  avia-builder-el-3  el_after_av_section  el_before_av_one_fifth  avia-builder-el-first  first flex_column_div'     ><style type=\"text\/css\" data-created_by=\"avia_inline_auto\" id=\"style-css-av-lok1jd4l-c2dc5495eb609a08a060842501f60029\">\n.iconbox.av-lok1jd4l-c2dc5495eb609a08a060842501f60029 .iconbox_icon{\nborder:1px solid #309fdb;\ncolor:#309fdb;\n}\n#top #wrap_all .iconbox.av-lok1jd4l-c2dc5495eb609a08a060842501f60029 .iconbox_content_title{\nfont-size:25px;\ncolor:#309fdb;\n}\n.iconbox.av-lok1jd4l-c2dc5495eb609a08a060842501f60029 .iconbox_content_container{\nfont-size:15px;\ncolor:#309fdb;\n}\n<\/style>\n<article  class='iconbox iconbox_top av-lok1jd4l-c2dc5495eb609a08a060842501f60029 av-no-box  avia-builder-el-4  avia-builder-el-no-sibling'  itemscope=\"itemscope\" itemtype=\"https:\/\/schema.org\/CreativeWork\" ><div class=\"iconbox_content\"><header class=\"entry-content-header\"><div class=\"iconbox_icon heading-color\" aria-hidden='true' data-av_icon='\ue854' data-av_iconfont='entypo-fontello'><\/div><h3 class='iconbox_content_title'  itemprop=\"headline\" >TELEFON<\/h3><\/header><div class='iconbox_content_container av_inherit_color'  itemprop=\"text\" ><p>0505 450 12 01<\/p>\n<\/div><\/div><footer class=\"entry-footer\"><\/footer><\/article><\/div>\n<div  class='flex_column av-sgy0-72721162f6dda4e743c7a0e8f05a693e av_one_fifth  avia-builder-el-5  el_after_av_one_fifth  el_before_av_one_fifth  flex_column_div'     ><style type=\"text\/css\" data-created_by=\"avia_inline_auto\" id=\"style-css-av-loocpndf-41068a22e5855787cf9e3f43fbbe8549\">\n.iconbox.av-loocpndf-41068a22e5855787cf9e3f43fbbe8549 .iconbox_icon{\nborder:1px solid #309fdb;\ncolor:#309fdb;\n}\n#top #wrap_all .iconbox.av-loocpndf-41068a22e5855787cf9e3f43fbbe8549 .iconbox_content_title{\nfont-size:25px;\ncolor:#309fdb;\n}\n.iconbox.av-loocpndf-41068a22e5855787cf9e3f43fbbe8549 .iconbox_content_container{\nfont-size:15px;\ncolor:#309fdb;\n}\n<\/style>\n<article  class='iconbox iconbox_top av-loocpndf-41068a22e5855787cf9e3f43fbbe8549 av-no-box  avia-builder-el-6  avia-builder-el-no-sibling'  itemscope=\"itemscope\" itemtype=\"https:\/\/schema.org\/CreativeWork\" ><div class=\"iconbox_content\"><header class=\"entry-content-header\"><div class=\"iconbox_icon heading-color\" aria-hidden='true' data-av_icon='\ue854' data-av_iconfont='entypo-fontello'><\/div><h3 class='iconbox_content_title'  itemprop=\"headline\" >TELEFON<\/h3><\/header><div class='iconbox_content_container av_inherit_color'  itemprop=\"text\" ><p>0\u00a0553\u00a0535\u00a082\u00a098<\/p>\n<\/div><\/div><footer class=\"entry-footer\"><\/footer><\/article><\/div>\n<div  class='flex_column av-22w5w-e3679a0fb3cbc317ba52e28ae62e081e av_one_fifth  avia-builder-el-7  el_after_av_one_fifth  el_before_av_one_fifth  flex_column_div'     ><style type=\"text\/css\" data-created_by=\"avia_inline_auto\" id=\"style-css-av-lok1l8ab-4ff0b391ab3af9e7eb758b86ef0d471d\">\n.iconbox.av-lok1l8ab-4ff0b391ab3af9e7eb758b86ef0d471d .iconbox_icon{\nborder:1px solid #309fdb;\ncolor:#309fdb;\n}\n#top #wrap_all .iconbox.av-lok1l8ab-4ff0b391ab3af9e7eb758b86ef0d471d .iconbox_content_title{\nfont-size:25px;\ncolor:#309fdb;\n}\n.iconbox.av-lok1l8ab-4ff0b391ab3af9e7eb758b86ef0d471d .iconbox_content_container{\nfont-size:15px;\ncolor:#309fdb;\n}\n<\/style>\n<article  class='iconbox iconbox_top av-lok1l8ab-4ff0b391ab3af9e7eb758b86ef0d471d av-no-box  avia-builder-el-8  avia-builder-el-no-sibling'  itemscope=\"itemscope\" itemtype=\"https:\/\/schema.org\/CreativeWork\" ><div class=\"iconbox_content\"><header class=\"entry-content-header\"><div class=\"iconbox_icon heading-color\" aria-hidden='true' data-av_icon='\ue838' data-av_iconfont='entypo-fontello'><\/div><h3 class='iconbox_content_title'  itemprop=\"headline\" >FAX<\/h3><\/header><div class='iconbox_content_container av_inherit_color'  itemprop=\"text\" ><p>0232 489 52 07<\/p>\n<\/div><\/div><footer class=\"entry-footer\"><\/footer><\/article><\/div>\n<div  class='flex_column av-567k-cfd87a7e5e067b16d06e9eed9983c55b av_one_fifth  avia-builder-el-9  el_after_av_one_fifth  el_before_av_one_fifth  flex_column_div'     ><style type=\"text\/css\" data-created_by=\"avia_inline_auto\" id=\"style-css-av-lok1ls75-0f07cc8e4466a8c4f57e258c30d2943d\">\n.iconbox.av-lok1ls75-0f07cc8e4466a8c4f57e258c30d2943d .iconbox_icon{\nborder:1px solid #309fdb;\ncolor:#309fdb;\n}\n#top #wrap_all .iconbox.av-lok1ls75-0f07cc8e4466a8c4f57e258c30d2943d .iconbox_content_title{\nfont-size:23px;\ncolor:#309fdb;\n}\n.iconbox.av-lok1ls75-0f07cc8e4466a8c4f57e258c30d2943d .iconbox_content_container{\nfont-size:15px;\ncolor:#309fdb;\n}\n<\/style>\n<article  class='iconbox iconbox_top av-lok1ls75-0f07cc8e4466a8c4f57e258c30d2943d av-no-box  avia-builder-el-10  avia-builder-el-no-sibling'  itemscope=\"itemscope\" itemtype=\"https:\/\/schema.org\/CreativeWork\" ><div class=\"iconbox_content\"><header class=\"entry-content-header\"><div class=\"iconbox_icon heading-color\" aria-hidden='true' data-av_icon='\ue854' data-av_iconfont='entypo-fontello'><\/div><h3 class='iconbox_content_title'  itemprop=\"headline\" >E-POSTA<\/h3><\/header><div class='iconbox_content_container av_inherit_color'  itemprop=\"text\" ><p>info@ideoceviri.com<\/p>\n<\/div><\/div><footer class=\"entry-footer\"><\/footer><\/article><\/div>\n<div  class='flex_column av-vsxg-0e56cec172c7014201f6be4fcb1f28a3 av_one_fifth  avia-builder-el-11  el_after_av_one_fifth  el_before_av_one_half  flex_column_div'     ><style type=\"text\/css\" data-created_by=\"avia_inline_auto\" id=\"style-css-av-lok1mbf3-f8cef10f405e99cf220f8e9938f87467\">\n.iconbox.av-lok1mbf3-f8cef10f405e99cf220f8e9938f87467 .iconbox_icon{\nborder:1px solid #309fdb;\ncolor:#309fdb;\n}\n#top #wrap_all .iconbox.av-lok1mbf3-f8cef10f405e99cf220f8e9938f87467 .iconbox_content_title{\nfont-size:25px;\ncolor:#309fdb;\n}\n.iconbox.av-lok1mbf3-f8cef10f405e99cf220f8e9938f87467 .iconbox_content_container{\nfont-size:13px;\ncolor:#309fdb;\n}\n<\/style>\n<article  class='iconbox iconbox_top av-lok1mbf3-f8cef10f405e99cf220f8e9938f87467 av-no-box  avia-builder-el-12  avia-builder-el-no-sibling'  itemscope=\"itemscope\" itemtype=\"https:\/\/schema.org\/CreativeWork\" ><div class=\"iconbox_content\"><header class=\"entry-content-header\"><div class=\"iconbox_icon heading-color\" aria-hidden='true' data-av_icon='\ue842' data-av_iconfont='entypo-fontello'><\/div><h3 class='iconbox_content_title'  itemprop=\"headline\" >ADRES<\/h3><\/header><div class='iconbox_content_container av_inherit_color'  itemprop=\"text\" ><p>Akdeniz Mh. 1347. Sk. Anba \u0130\u015f Merkezi No:8 KAT:2 Daire:206, 35210 Konak\/\u0130zmir<\/p>\n<\/div><\/div><footer class=\"entry-footer\"><\/footer><\/article><\/div>\n<div  class='flex_column av-3wfks-0d4733a4a6f87f72341f60055d1ded8a av_one_half  avia-builder-el-13  el_after_av_one_fifth  el_before_av_one_half  first flex_column_div  column-top-margin'     ><\/div>\n<div  class='flex_column av-382c8-e613448709bfc8d054bbf825599312f3 av_one_half  avia-builder-el-15  el_after_av_one_half  avia-builder-el-last  flex_column_div  column-top-margin'     ><p>\n<style type=\"text\/css\" data-created_by=\"avia_inline_auto\" id=\"style-css-av-lok20vv3-a69dd9db5ffc2da1317eea1e21be0966\">\n#top .av-special-heading.av-lok20vv3-a69dd9db5ffc2da1317eea1e21be0966{\npadding-bottom:10px;\ncolor:#309fdb;\n}\nbody .av-special-heading.av-lok20vv3-a69dd9db5ffc2da1317eea1e21be0966 .av-special-heading-tag .heading-char{\nfont-size:25px;\n}\n.av-special-heading.av-lok20vv3-a69dd9db5ffc2da1317eea1e21be0966 .special-heading-inner-border{\nborder-color:#309fdb;\n}\n.av-special-heading.av-lok20vv3-a69dd9db5ffc2da1317eea1e21be0966 .av-subheading{\nfont-size:15px;\n}\n<\/style>\n<div  class='av-special-heading av-lok20vv3-a69dd9db5ffc2da1317eea1e21be0966 av-special-heading-h3 custom-color-heading blockquote modern-quote  avia-builder-el-16  el_before_av_contact  avia-builder-el-first'><h3 class='av-special-heading-tag'  itemprop=\"headline\"  >Bize posta g\u00f6nderiniz<\/h3><div class=\"special-heading-border\"><div class=\"special-heading-inner-border\"><\/div><\/div><\/div><br \/>\n<form action=\"https:\/\/www.ideoceviri.com\/en\/iletisim\/\" method=\"post\" data-fields-with-error=\"Found errors in the following field(s):\" class=\"avia_ajax_form av-form-labels-visible   avia-builder-el-17  el_after_av_heading  avia-builder-el-last\" data-avia-form-id=\"1\" data-avia-redirect='' data-trp-original-action=\"https:\/\/www.ideoceviri.com\/en\/iletisim\/\" ><fieldset><p class='first_form  form_element form_fullwidth' id='element_avia_1_1'><label for=\"avia_1_1\">\u0130sim <abbr class=\"required\" title=\"required\">*<\/abbr><\/label> <input name=\"avia_1_1\" class=\"text_input is_empty\" type=\"text\" id=\"avia_1_1\" value=\"\" \/><\/p><p class='first_form  form_element form_fullwidth' id='element_avia_2_1'><label for=\"avia_2_1\">E-Posta <abbr class=\"required\" title=\"required\">*<\/abbr><\/label> <input name=\"avia_2_1\" class=\"text_input is_email\" type=\"text\" id=\"avia_2_1\" value=\"\" \/><\/p><p class='first_form  form_element form_fullwidth' id='element_avia_3_1'><label for=\"avia_3_1\">Konu <abbr class=\"required\" title=\"required\">*<\/abbr><\/label> <input name=\"avia_3_1\" class=\"text_input is_empty\" type=\"text\" id=\"avia_3_1\" value=\"\" \/><\/p><p class='first_form  form_element form_fullwidth' id='element_avia_4_1'><label for=\"avia_4_1\" class=\"textare_label hidden textare_label_avia_4_1\">Mesaj <abbr class=\"required\" title=\"required\">*<\/abbr><\/label><textarea  name=\"avia_4_1\" class=\"text_area is_empty\" cols=\"40\" rows=\"7\" id=\"avia_4_1\" ><\/textarea><\/p><p class=\"hidden\"><input type=\"text\" name=\"avia_5_1\" class=\"hidden\" id=\"avia_5_1\" value=\"\" \/><\/p><div id='avia_6_1' class='av-recaptcha-area  first_form  form_element form_fullwidth'  data-container_class=\"\" data-custom_class=\"\" data-context=\"av_contact_form\" data-token_input=\"av_recaptcha_token\" data-version=\"avia_recaptcha_v3\" data-theme=\"light\" data-size=\"normal\" data-score=\"0.5\" data-text_to_preview=\"\" data-value=\"\"><div class=\"av-google-badge-message hidden\">This site is protected by reCAPTCHA and the Google <a href=\"https:\/\/policies.google.com\/privacy\" target=\"_blank\" rel=\"noopener\">Privacy Policy<\/a> and <a href=\"https:\/\/policies.google.com\/terms\" target=\"_blank\" rel=\"noopener\">Terms of Service<\/a> apply.<\/div><\/div><p class=\"form_element\"><input type=\"hidden\" value=\"1\" name=\"avia_generated_form1\" \/><input type=\"submit\" value=\"G\u00f6nder\" class=\"button\"  data-sending-label=\"Sending\"\/><\/p><\/fieldset><div class=\"avia-disabled-form\">This contact form is deactivated because you refused to accept Google reCaptcha service which is necessary to validate any messages sent by the form.<\/div><input type=\"hidden\" name=\"trp-form-language\" value=\"en\"\/><\/form><div id=\"ajaxresponse_1\" class=\"ajaxresponse ajaxresponse_1 hidden\"><\/div><\/p><\/div>","protected":false},"excerpt":{"rendered":"","protected":false},"author":1,"featured_media":0,"parent":0,"menu_order":0,"comment_status":"closed","ping_status":"closed","template":"","meta":{"footnotes":""},"class_list":["post-28","page","type-page","status-publish","hentry"],"_links":{"self":[{"href":"https:\/\/www.ideoceviri.com\/en\/wp-json\/wp\/v2\/pages\/28","targetHints":{"allow":["GET"]}}],"collection":[{"href":"https:\/\/www.ideoceviri.com\/en\/wp-json\/wp\/v2\/pages"}],"about":[{"href":"https:\/\/www.ideoceviri.com\/en\/wp-json\/wp\/v2\/types\/page"}],"author":[{"embeddable":true,"href":"https:\/\/www.ideoceviri.com\/en\/wp-json\/wp\/v2\/users\/1"}],"replies":[{"embeddable":true,"href":"https:\/\/www.ideoceviri.com\/en\/wp-json\/wp\/v2\/comments?post=28"}],"version-history":[{"count":17,"href":"https:\/\/www.ideoceviri.com\/en\/wp-json\/wp\/v2\/pages\/28\/revisions"}],"predecessor-version":[{"id":569,"href":"https:\/\/www.ideoceviri.com\/en\/wp-json\/wp\/v2\/pages\/28\/revisions\/569"}],"wp:attachment":[{"href":"https:\/\/www.ideoceviri.com\/en\/wp-json\/wp\/v2\/media?parent=28"}],"curies":[{"name":"wp","href":"https:\/\/api.w.org\/{rel}","templated":true}]}}