{"id":363,"date":"2023-11-07T15:27:24","date_gmt":"2023-11-07T12:27:24","guid":{"rendered":"https:\/\/www.ideoceviri.com\/?page_id=363"},"modified":"2023-11-07T15:57:56","modified_gmt":"2023-11-07T12:57:56","slug":"fiyat-teklifi-al","status":"publish","type":"page","link":"https:\/\/www.ideoceviri.com\/en\/fiyat-teklifi-al\/","title":{"rendered":"Fiyat Teklifi Al"},"content":{"rendered":"<p><span data-mce-type=\"bookmark\" style=\"display: inline-block; width: 0px; overflow: hidden; line-height: 0;\" class=\"mce_SELRES_start\"><\/span><div  class='flex_column av-av_one_half-8ffd49b9e96b83647201aa62ad30950d av_one_half  avia-builder-el-0  el_before_av_one_half  avia-builder-el-first  first flex_column_div'     ><section  class='av_textblock_section av-looc65c7-157f117a3db3d308feceb52c5ebc2251'   itemscope=\"itemscope\" itemtype=\"https:\/\/schema.org\/CreativeWork\" ><div class='avia_textblock'  itemprop=\"text\" ><h3>Terc\u00fcme Hizmetimizin Fiyat\u0131n\u0131 Nas\u0131l Belirleriz?<\/h3>\n<ul>\n<li>Terc\u00fcme edilecek evrak veya dosyalar\u0131n\u0131z\u0131n bo\u015fluksuz karakter say\u0131s\u0131na g\u00f6re fiyat belirlenir.<\/li>\n<li>Fiyatland\u0131rmada, bo\u015fluksuz 1000(bin) karakter, 1(bir) sayfa olarak kabul edilir.<\/li>\n<li>1000 (bin) karaktere kadar olan evrak veya dosyalar\u0131n\u0131z, 1 sayfa olarak kabul edilerek birim fiyat \u00fczerinden hesaplan\u0131r.<\/li>\n<li>\u00c7apraz \u00e7eviri hizmetlerinde, evrak \u00f6nce T\u00fcrk\u00e7e\u2019ye, sonras\u0131nda ise talep edilen hedef dile terc\u00fcme edilerek, her iki terc\u00fcme bedeli de \u00f6denmelidir.<\/li>\n<li>50 sayfa \u00fczeri dosyalar\u0131n\u0131z i\u00e7in \u00f6zel fiyat verilmektedir. L\u00fctfen bilgi al\u0131n\u0131z.<\/li>\n<li>Terc\u00fcme bedeline noter tasdik \u00fccreti dahil de\u011fildir.<\/li>\n<li>Terc\u00fcme bedeline %20 KDV dahil de\u011fildir.<\/li>\n<\/ul>\n<\/div><\/section><\/div><span data-mce-type=\"bookmark\" style=\"display: inline-block; width: 0px; overflow: hidden; line-height: 0;\" class=\"mce_SELRES_end\"><\/span><span data-mce-type=\"bookmark\" style=\"display: inline-block; width: 0px; overflow: hidden; line-height: 0;\" class=\"mce_SELRES_start\"><\/span><div  class='flex_column av-av_one_half-6b5dd89866f4b8553327b345e3382258 av_one_half  avia-builder-el-2  el_after_av_one_half  avia-builder-el-last  flex_column_div'     ><\/div><span data-mce-type=\"bookmark\" style=\"display: inline-block; width: 0px; overflow: hidden; line-height: 0;\" class=\"mce_SELRES_end\"><\/span><\/p>","protected":false},"excerpt":{"rendered":"<p>\ufeff\ufeff<\/p>","protected":false},"author":1,"featured_media":0,"parent":0,"menu_order":0,"comment_status":"closed","ping_status":"closed","template":"","meta":{"footnotes":""},"class_list":["post-363","page","type-page","status-publish","hentry"],"_links":{"self":[{"href":"https:\/\/www.ideoceviri.com\/en\/wp-json\/wp\/v2\/pages\/363","targetHints":{"allow":["GET"]}}],"collection":[{"href":"https:\/\/www.ideoceviri.com\/en\/wp-json\/wp\/v2\/pages"}],"about":[{"href":"https:\/\/www.ideoceviri.com\/en\/wp-json\/wp\/v2\/types\/page"}],"author":[{"embeddable":true,"href":"https:\/\/www.ideoceviri.com\/en\/wp-json\/wp\/v2\/users\/1"}],"replies":[{"embeddable":true,"href":"https:\/\/www.ideoceviri.com\/en\/wp-json\/wp\/v2\/comments?post=363"}],"version-history":[{"count":8,"href":"https:\/\/www.ideoceviri.com\/en\/wp-json\/wp\/v2\/pages\/363\/revisions"}],"predecessor-version":[{"id":394,"href":"https:\/\/www.ideoceviri.com\/en\/wp-json\/wp\/v2\/pages\/363\/revisions\/394"}],"wp:attachment":[{"href":"https:\/\/www.ideoceviri.com\/en\/wp-json\/wp\/v2\/media?parent=363"}],"curies":[{"name":"wp","href":"https:\/\/api.w.org\/{rel}","templated":true}]}}